{"id":724,"date":"2018-09-26T08:49:00","date_gmt":"2018-09-26T08:49:00","guid":{"rendered":"http:\/\/www.jiiri.zoner.dev\/instile-demo\/?page_id=724"},"modified":"2020-10-23T10:48:12","modified_gmt":"2020-10-23T10:48:12","slug":"yhteys","status":"publish","type":"page","link":"https:\/\/www.jiiri.zoner.dev\/instile-demo\/yhteys\/","title":{"rendered":"Yhteystiedot"},"content":{"rendered":"\t\t<div data-elementor-type=\"wp-post\" data-elementor-id=\"724\" class=\"elementor elementor-724\" data-elementor-settings=\"[]\">\n\t\t\t\t\t\t<div class=\"elementor-inner\">\n\t\t\t\t\t\t\t<div class=\"elementor-section-wrap\">\n\t\t\t\t\t\t\t<section class=\"elementor-section elementor-top-section elementor-element elementor-element-3fb3279 elementor-section-boxed elementor-section-height-default elementor-section-height-default\" data-id=\"3fb3279\" data-element_type=\"section\" data-settings=\"{&quot;background_background&quot;:&quot;classic&quot;}\">\n\t\t\t\t\t\t\t<div class=\"elementor-background-overlay\"><\/div>\n\t\t\t\t\t\t\t<div class=\"elementor-container elementor-column-gap-default\">\n\t\t\t\t\t\t\t<div class=\"elementor-row\">\n\t\t\t\t\t<div class=\"elementor-column elementor-col-100 elementor-top-column elementor-element elementor-element-1853c44\" data-id=\"1853c44\" data-element_type=\"column\">\n\t\t\t<div class=\"elementor-column-wrap elementor-element-populated\">\n\t\t\t\t\t\t\t<div class=\"elementor-widget-wrap\">\n\t\t\t\t\t\t<div class=\"elementor-element elementor-element-520bac6 elementor-widget elementor-widget-heading\" data-id=\"520bac6\" data-element_type=\"widget\" data-widget_type=\"heading.default\">\n\t\t\t\t<div class=\"elementor-widget-container\">\n\t\t\t<h1 class=\"elementor-heading-title elementor-size-default\"><a href=\"#\">Tervetuloa meille<\/a><\/h1>\t\t<\/div>\n\t\t\t\t<\/div>\n\t\t\t\t<div class=\"elementor-element elementor-element-1d88e56 elementor-widget elementor-widget-image\" data-id=\"1d88e56\" data-element_type=\"widget\" data-widget_type=\"image.default\">\n\t\t\t\t<div class=\"elementor-widget-container\">\n\t\t\t\t\t<div class=\"elementor-image\">\n\t\t\t\t\t\t\t\t\t\t<img width=\"250\" height=\"27\" src=\"https:\/\/www.jiiri.zoner.dev\/instile-demo\/wp-content\/uploads\/2018\/09\/frill-free-img.png\" class=\"attachment-large size-large\" alt=\"\" loading=\"lazy\" \/>\t\t\t\t\t\t\t\t\t\t\t<\/div>\n\t\t\t\t<\/div>\n\t\t\t\t<\/div>\n\t\t\t\t\t\t<\/div>\n\t\t\t\t\t<\/div>\n\t\t<\/div>\n\t\t\t\t\t\t\t\t<\/div>\n\t\t\t\t\t<\/div>\n\t\t<\/section>\n\t\t\t\t<section class=\"elementor-section elementor-top-section elementor-element elementor-element-3163a15 elementor-section-boxed elementor-section-height-default elementor-section-height-default\" data-id=\"3163a15\" data-element_type=\"section\">\n\t\t\t\t\t\t<div class=\"elementor-container elementor-column-gap-default\">\n\t\t\t\t\t\t\t<div class=\"elementor-row\">\n\t\t\t\t\t<div class=\"elementor-column elementor-col-50 elementor-top-column elementor-element elementor-element-8f649f0\" data-id=\"8f649f0\" data-element_type=\"column\">\n\t\t\t<div class=\"elementor-column-wrap elementor-element-populated\">\n\t\t\t\t\t\t\t<div class=\"elementor-widget-wrap\">\n\t\t\t\t\t\t<div class=\"elementor-element elementor-element-be08c1d elementor-widget elementor-widget-google_maps\" data-id=\"be08c1d\" data-element_type=\"widget\" data-widget_type=\"google_maps.default\">\n\t\t\t\t<div class=\"elementor-widget-container\">\n\t\t\t<div class=\"elementor-custom-embed\"><iframe frameborder=\"0\" scrolling=\"no\" marginheight=\"0\" marginwidth=\"0\" src=\"https:\/\/maps.google.com\/maps?q=Vanha%20Otavantie%20110%2C%2050670%20Otava&amp;t=m&amp;z=14&amp;output=embed&amp;iwloc=near\" title=\"Vanha Otavantie 110, 50670 Otava\" aria-label=\"Vanha Otavantie 110, 50670 Otava\"><\/iframe><\/div>\t\t<\/div>\n\t\t\t\t<\/div>\n\t\t\t\t\t\t<\/div>\n\t\t\t\t\t<\/div>\n\t\t<\/div>\n\t\t\t\t<div class=\"elementor-column elementor-col-50 elementor-top-column elementor-element elementor-element-3cce2a7\" data-id=\"3cce2a7\" data-element_type=\"column\" data-settings=\"{&quot;background_background&quot;:&quot;classic&quot;}\">\n\t\t\t<div class=\"elementor-column-wrap elementor-element-populated\">\n\t\t\t\t\t<div class=\"elementor-background-overlay\"><\/div>\n\t\t\t\t\t\t\t<div class=\"elementor-widget-wrap\">\n\t\t\t\t\t\t<div class=\"elementor-element elementor-element-666279e elementor-vertical-align-bottom elementor-view-default elementor-widget elementor-widget-icon-box\" data-id=\"666279e\" data-element_type=\"widget\" data-widget_type=\"icon-box.default\">\n\t\t\t\t<div class=\"elementor-widget-container\">\n\t\t\t\t\t<div class=\"elementor-icon-box-wrapper\">\n\t\t\t\t\t\t<div class=\"elementor-icon-box-content\">\n\t\t\t\t<h2 class=\"elementor-icon-box-title\">\n\t\t\t\t\t<span >Olemme avoinna<\/span>\n\t\t\t\t<\/h2>\n\t\t\t\t\t\t\t\t<p class=\"elementor-icon-box-description\">Monday - Saturday | 9AM - 1PM<\/br>\nSaturday - Sunday | 9AM - 4AM<\/p>\n\t\t\t\t\t\t\t<\/div>\n\t\t<\/div>\n\t\t\t\t<\/div>\n\t\t\t\t<\/div>\n\t\t\t\t\t\t<\/div>\n\t\t\t\t\t<\/div>\n\t\t<\/div>\n\t\t\t\t\t\t\t\t<\/div>\n\t\t\t\t\t<\/div>\n\t\t<\/section>\n\t\t\t\t<section class=\"elementor-section elementor-top-section elementor-element elementor-element-612dee9 elementor-section-content-middle elementor-section-boxed elementor-section-height-default elementor-section-height-default\" data-id=\"612dee9\" data-element_type=\"section\" data-settings=\"{&quot;background_background&quot;:&quot;classic&quot;,&quot;shape_divider_top&quot;:&quot;mountains&quot;}\">\n\t\t\t\t\t\t\t<div class=\"elementor-background-overlay\"><\/div>\n\t\t\t\t\t\t<div class=\"elementor-shape elementor-shape-top\" data-negative=\"false\">\n\t\t\t<svg xmlns=\"http:\/\/www.w3.org\/2000\/svg\" viewBox=\"0 0 1000 100\" preserveAspectRatio=\"none\">\n\t<path class=\"elementor-shape-fill\" opacity=\"0.33\" d=\"M473,67.3c-203.9,88.3-263.1-34-320.3,0C66,119.1,0,59.7,0,59.7V0h1000v59.7 c0,0-62.1,26.1-94.9,29.3c-32.8,3.3-62.8-12.3-75.8-22.1C806,49.6,745.3,8.7,694.9,4.7S492.4,59,473,67.3z\"\/>\n\t<path class=\"elementor-shape-fill\" opacity=\"0.66\" d=\"M734,67.3c-45.5,0-77.2-23.2-129.1-39.1c-28.6-8.7-150.3-10.1-254,39.1 s-91.7-34.4-149.2,0C115.7,118.3,0,39.8,0,39.8V0h1000v36.5c0,0-28.2-18.5-92.1-18.5C810.2,18.1,775.7,67.3,734,67.3z\"\/>\n\t<path class=\"elementor-shape-fill\" d=\"M766.1,28.9c-200-57.5-266,65.5-395.1,19.5C242,1.8,242,5.4,184.8,20.6C128,35.8,132.3,44.9,89.9,52.5C28.6,63.7,0,0,0,0 h1000c0,0-9.9,40.9-83.6,48.1S829.6,47,766.1,28.9z\"\/>\n<\/svg>\t\t<\/div>\n\t\t\t\t\t<div class=\"elementor-container elementor-column-gap-extended\">\n\t\t\t\t\t\t\t<div class=\"elementor-row\">\n\t\t\t\t\t<div class=\"elementor-column elementor-col-50 elementor-top-column elementor-element elementor-element-772fdb4\" data-id=\"772fdb4\" data-element_type=\"column\">\n\t\t\t<div class=\"elementor-column-wrap elementor-element-populated\">\n\t\t\t\t\t\t\t<div class=\"elementor-widget-wrap\">\n\t\t\t\t\t\t<div class=\"elementor-element elementor-element-c6b2abe elementor-view-default elementor-vertical-align-top elementor-widget elementor-widget-icon-box\" data-id=\"c6b2abe\" data-element_type=\"widget\" data-widget_type=\"icon-box.default\">\n\t\t\t\t<div class=\"elementor-widget-container\">\n\t\t\t\t\t<div class=\"elementor-icon-box-wrapper\">\n\t\t\t\t\t\t<div class=\"elementor-icon-box-content\">\n\t\t\t\t<h3 class=\"elementor-icon-box-title\">\n\t\t\t\t\t<span >Yhteystiedot<\/span>\n\t\t\t\t<\/h3>\n\t\t\t\t\t\t\t<\/div>\n\t\t<\/div>\n\t\t\t\t<\/div>\n\t\t\t\t<\/div>\n\t\t\t\t<div class=\"elementor-element elementor-element-8154b69 elementor-position-left elementor-vertical-align-middle elementor-view-default elementor-widget elementor-widget-icon-box\" data-id=\"8154b69\" data-element_type=\"widget\" data-widget_type=\"icon-box.default\">\n\t\t\t\t<div class=\"elementor-widget-container\">\n\t\t\t\t\t<div class=\"elementor-icon-box-wrapper\">\n\t\t\t\t\t\t<div class=\"elementor-icon-box-icon\">\n\t\t\t\t<span class=\"elementor-icon elementor-animation-\" >\n\t\t\t\t<i aria-hidden=\"true\" class=\"fas fa-map-marker-alt\"><\/i>\t\t\t\t<\/span>\n\t\t\t<\/div>\n\t\t\t\t\t\t<div class=\"elementor-icon-box-content\">\n\t\t\t\t<h4 class=\"elementor-icon-box-title\">\n\t\t\t\t\t<span >Vanha Otavantie 110, 50670 Otava<\/span>\n\t\t\t\t<\/h4>\n\t\t\t\t\t\t\t<\/div>\n\t\t<\/div>\n\t\t\t\t<\/div>\n\t\t\t\t<\/div>\n\t\t\t\t<div class=\"elementor-element elementor-element-704402b elementor-position-left elementor-vertical-align-middle elementor-view-default elementor-widget elementor-widget-icon-box\" data-id=\"704402b\" data-element_type=\"widget\" data-widget_type=\"icon-box.default\">\n\t\t\t\t<div class=\"elementor-widget-container\">\n\t\t\t\t\t<div class=\"elementor-icon-box-wrapper\">\n\t\t\t\t\t\t<div class=\"elementor-icon-box-icon\">\n\t\t\t\t<a class=\"elementor-icon elementor-animation-\" href=\"mailto:info@instile.fi\">\n\t\t\t\t<i aria-hidden=\"true\" class=\"fas fa-at\"><\/i>\t\t\t\t<\/a>\n\t\t\t<\/div>\n\t\t\t\t\t\t<div class=\"elementor-icon-box-content\">\n\t\t\t\t<h4 class=\"elementor-icon-box-title\">\n\t\t\t\t\t<a href=\"mailto:info@instile.fi\">info@instile.fi<\/a>\n\t\t\t\t<\/h4>\n\t\t\t\t\t\t\t<\/div>\n\t\t<\/div>\n\t\t\t\t<\/div>\n\t\t\t\t<\/div>\n\t\t\t\t<div class=\"elementor-element elementor-element-655dece elementor-position-left elementor-vertical-align-middle elementor-view-default elementor-widget elementor-widget-icon-box\" data-id=\"655dece\" data-element_type=\"widget\" data-widget_type=\"icon-box.default\">\n\t\t\t\t<div class=\"elementor-widget-container\">\n\t\t\t\t\t<div class=\"elementor-icon-box-wrapper\">\n\t\t\t\t\t\t<div class=\"elementor-icon-box-icon\">\n\t\t\t\t<span class=\"elementor-icon elementor-animation-\" >\n\t\t\t\t<i aria-hidden=\"true\" class=\"fas fa-phone\"><\/i>\t\t\t\t<\/span>\n\t\t\t<\/div>\n\t\t\t\t\t\t<div class=\"elementor-icon-box-content\">\n\t\t\t\t<h4 class=\"elementor-icon-box-title\">\n\t\t\t\t\t<span >+358 50 595 1688<\/span>\n\t\t\t\t<\/h4>\n\t\t\t\t\t\t\t<\/div>\n\t\t<\/div>\n\t\t\t\t<\/div>\n\t\t\t\t<\/div>\n\t\t\t\t<div class=\"elementor-element elementor-element-072ac13 elementor-position-left elementor-vertical-align-middle elementor-view-default elementor-widget elementor-widget-icon-box\" data-id=\"072ac13\" data-element_type=\"widget\" data-widget_type=\"icon-box.default\">\n\t\t\t\t<div class=\"elementor-widget-container\">\n\t\t\t\t\t<div class=\"elementor-icon-box-wrapper\">\n\t\t\t\t\t\t<div class=\"elementor-icon-box-icon\">\n\t\t\t\t<a class=\"elementor-icon elementor-animation-\" href=\"https:\/\/wa.link\/wq7odp\">\n\t\t\t\t<i aria-hidden=\"true\" class=\"fab fa-whatsapp\"><\/i>\t\t\t\t<\/a>\n\t\t\t<\/div>\n\t\t\t\t\t\t<div class=\"elementor-icon-box-content\">\n\t\t\t\t<h4 class=\"elementor-icon-box-title\">\n\t\t\t\t\t<a href=\"https:\/\/wa.link\/wq7odp\">+358 50 595 1688<\/a>\n\t\t\t\t<\/h4>\n\t\t\t\t\t\t\t<\/div>\n\t\t<\/div>\n\t\t\t\t<\/div>\n\t\t\t\t<\/div>\n\t\t\t\t<section class=\"elementor-section elementor-inner-section elementor-element elementor-element-b572b78 elementor-section-boxed elementor-section-height-default elementor-section-height-default\" data-id=\"b572b78\" data-element_type=\"section\">\n\t\t\t\t\t\t<div class=\"elementor-container elementor-column-gap-default\">\n\t\t\t\t\t\t\t<div class=\"elementor-row\">\n\t\t\t\t\t<div class=\"elementor-column elementor-col-100 elementor-inner-column elementor-element elementor-element-b7d1224\" data-id=\"b7d1224\" data-element_type=\"column\" data-settings=\"{&quot;background_background&quot;:&quot;classic&quot;}\">\n\t\t\t<div class=\"elementor-column-wrap elementor-element-populated\">\n\t\t\t\t\t\t\t<div class=\"elementor-widget-wrap\">\n\t\t\t\t\t\t<div class=\"elementor-element elementor-element-b674b87 elementor-widget elementor-widget-image\" data-id=\"b674b87\" data-element_type=\"widget\" data-widget_type=\"image.default\">\n\t\t\t\t<div class=\"elementor-widget-container\">\n\t\t\t\t\t<div class=\"elementor-image\">\n\t\t\t\t\t\t\t\t\t\t<img width=\"250\" height=\"27\" src=\"https:\/\/www.jiiri.zoner.dev\/instile-demo\/wp-content\/uploads\/2018\/09\/divider-free-img.png\" class=\"attachment-large size-large\" alt=\"\" loading=\"lazy\" \/>\t\t\t\t\t\t\t\t\t\t\t<\/div>\n\t\t\t\t<\/div>\n\t\t\t\t<\/div>\n\t\t\t\t<div class=\"elementor-element elementor-element-dbf1d07 elementor-widget elementor-widget-heading\" data-id=\"dbf1d07\" data-element_type=\"widget\" data-widget_type=\"heading.default\">\n\t\t\t\t<div class=\"elementor-widget-container\">\n\t\t\t<h3 class=\"elementor-heading-title elementor-size-default\">L\u00f6yd\u00e4t meid\u00e4t my\u00f6s<\/h3>\t\t<\/div>\n\t\t\t\t<\/div>\n\t\t\t\t<div class=\"elementor-element elementor-element-ec67d3d elementor-shape-rounded elementor-grid-0 elementor-widget elementor-widget-social-icons\" data-id=\"ec67d3d\" data-element_type=\"widget\" data-widget_type=\"social-icons.default\">\n\t\t\t\t<div class=\"elementor-widget-container\">\n\t\t\t\t\t<div class=\"elementor-social-icons-wrapper elementor-grid\">\n\t\t\t\t\t\t\t<div class=\"elementor-grid-item\">\n\t\t\t\t\t<a class=\"elementor-icon elementor-social-icon elementor-social-icon-facebook elementor-repeater-item-6caaa43\" href=\"https:\/\/www.facebook.com\/InStile-Mannila-italialainen-puoti-275146872552214\" target=\"_blank\">\n\t\t\t\t\t\t<span class=\"elementor-screen-only\">Facebook<\/span>\n\t\t\t\t\t\t<i class=\"fab fa-facebook\"><\/i>\t\t\t\t\t<\/a>\n\t\t\t\t<\/div>\n\t\t\t\t\t\t\t<div class=\"elementor-grid-item\">\n\t\t\t\t\t<a class=\"elementor-icon elementor-social-icon elementor-social-icon-tripadvisor elementor-repeater-item-a3bd533\" href=\"https:\/\/www.tripadvisor.fi\/Restaurant_Review-g189909-d6856717-Reviews-Instile_Mannila-Mikkeli_Southern_Savonia.html?m=19905\" target=\"_blank\">\n\t\t\t\t\t\t<span class=\"elementor-screen-only\">Tripadvisor<\/span>\n\t\t\t\t\t\t<i class=\"fab fa-tripadvisor\"><\/i>\t\t\t\t\t<\/a>\n\t\t\t\t<\/div>\n\t\t\t\t\t\t\t<div class=\"elementor-grid-item\">\n\t\t\t\t\t<a class=\"elementor-icon elementor-social-icon elementor-social-icon-shopping-basket elementor-repeater-item-e0ee70c\" href=\"https:\/\/www.mannilanpuoti.fi\" target=\"_blank\">\n\t\t\t\t\t\t<span class=\"elementor-screen-only\">Shopping-basket<\/span>\n\t\t\t\t\t\t<i class=\"fas fa-shopping-basket\"><\/i>\t\t\t\t\t<\/a>\n\t\t\t\t<\/div>\n\t\t\t\t\t<\/div>\n\t\t\t\t<\/div>\n\t\t\t\t<\/div>\n\t\t\t\t\t\t<\/div>\n\t\t\t\t\t<\/div>\n\t\t<\/div>\n\t\t\t\t\t\t\t\t<\/div>\n\t\t\t\t\t<\/div>\n\t\t<\/section>\n\t\t\t\t\t\t<\/div>\n\t\t\t\t\t<\/div>\n\t\t<\/div>\n\t\t\t\t<div class=\"elementor-column elementor-col-50 elementor-top-column elementor-element elementor-element-73970d7\" data-id=\"73970d7\" data-element_type=\"column\" data-settings=\"{&quot;background_background&quot;:&quot;classic&quot;}\">\n\t\t\t<div class=\"elementor-column-wrap elementor-element-populated\">\n\t\t\t\t\t\t\t<div class=\"elementor-widget-wrap\">\n\t\t\t\t\t\t<div class=\"elementor-element elementor-element-4c4cd25 elementor-view-default elementor-vertical-align-top elementor-widget elementor-widget-icon-box\" data-id=\"4c4cd25\" data-element_type=\"widget\" data-widget_type=\"icon-box.default\">\n\t\t\t\t<div class=\"elementor-widget-container\">\n\t\t\t\t\t<div class=\"elementor-icon-box-wrapper\">\n\t\t\t\t\t\t<div class=\"elementor-icon-box-content\">\n\t\t\t\t<h3 class=\"elementor-icon-box-title\">\n\t\t\t\t\t<span >Ota yhteytt\u00e4<\/span>\n\t\t\t\t<\/h3>\n\t\t\t\t\t\t\t\t<p class=\"elementor-icon-box-description\">Mik\u00e4li haluat ottaa meihin yhteytt\u00e4, laita meille viesti\u00e4 t\u00e4ll\u00e4 lomakkeella, niin palaamme asiaan mahdollisimman pian!<\/p>\n\t\t\t\t\t\t\t<\/div>\n\t\t<\/div>\n\t\t\t\t<\/div>\n\t\t\t\t<\/div>\n\t\t\t\t<div class=\"elementor-element elementor-element-498f698 elementor-widget elementor-widget-shortcode\" data-id=\"498f698\" data-element_type=\"widget\" data-widget_type=\"shortcode.default\">\n\t\t\t\t<div class=\"elementor-widget-container\">\n\t\t\t\t\t<div class=\"elementor-shortcode\"><div class=\"wpforms-container \" id=\"wpforms-10\"><form id=\"wpforms-form-10\" class=\"wpforms-validate wpforms-form\" data-formid=\"10\" method=\"post\" enctype=\"multipart\/form-data\" action=\"\/instile-demo\/wp-json\/wp\/v2\/pages\/724\" data-token=\"fbffef2274fc0be4863868bcc6fcbd58\"><noscript class=\"wpforms-error-noscript\">Please enable JavaScript in your browser to complete this form.<\/noscript><div class=\"wpforms-field-container\"><div id=\"wpforms-10-field_0-container\" class=\"wpforms-field wpforms-field-name\" data-field-id=\"0\"><label class=\"wpforms-field-label wpforms-label-hide\" for=\"wpforms-10-field_0\">Your name <span class=\"wpforms-required-label\">*<\/span><\/label><input type=\"text\" id=\"wpforms-10-field_0\" class=\"wpforms-field-large wpforms-field-required\" name=\"wpforms[fields][0]\" placeholder=\"Nimesi\" required><\/div><div id=\"wpforms-10-field_1-container\" class=\"wpforms-field wpforms-field-email\" data-field-id=\"1\"><label class=\"wpforms-field-label wpforms-label-hide\" for=\"wpforms-10-field_1\">Email <span class=\"wpforms-required-label\">*<\/span><\/label><input type=\"email\" id=\"wpforms-10-field_1\" class=\"wpforms-field-large wpforms-field-required\" name=\"wpforms[fields][1]\" placeholder=\"S\u00e4hk\u00f6posti\" required><\/div><div id=\"wpforms-10-field_5-container\" class=\"wpforms-field wpforms-field-number\" data-field-id=\"5\"><label class=\"wpforms-field-label wpforms-label-hide\" for=\"wpforms-10-field_5\">Numbers<\/label><input type=\"number\" pattern=\"\\d*\" id=\"wpforms-10-field_5\" class=\"wpforms-field-large\" name=\"wpforms[fields][5]\" placeholder=\"Puhelinnumero\" ><\/div><div id=\"wpforms-10-field_2-container\" class=\"wpforms-field wpforms-field-textarea\" data-field-id=\"2\"><label class=\"wpforms-field-label wpforms-label-hide\" for=\"wpforms-10-field_2\">Your Message <span class=\"wpforms-required-label\">*<\/span><\/label><textarea id=\"wpforms-10-field_2\" class=\"wpforms-field-medium wpforms-field-required\" name=\"wpforms[fields][2]\" placeholder=\"Viestisi meille\" required><\/textarea><\/div><\/div><div class=\"wpforms-field wpforms-field-hp\"><label for=\"wpforms-10-field-hp\" class=\"wpforms-field-label\">Phone<\/label><input type=\"text\" name=\"wpforms[hp]\" id=\"wpforms-10-field-hp\" class=\"wpforms-field-medium\"><\/div><div class=\"wpforms-submit-container\" ><input type=\"hidden\" name=\"wpforms[id]\" value=\"10\"><input type=\"hidden\" name=\"wpforms[author]\" value=\"1\"><button type=\"submit\" name=\"wpforms[submit]\" class=\"wpforms-submit \" id=\"wpforms-submit-10\" value=\"wpforms-submit\" aria-live=\"assertive\" data-alt-text=\"L\u00e4hett\u00e4\u00e4...\" data-submit-text=\"L\u00e4het\u00e4\">L\u00e4het\u00e4<\/button><\/div><\/form><\/div>  <!-- .wpforms-container --><\/div>\n\t\t\t\t<\/div>\n\t\t\t\t<\/div>\n\t\t\t\t\t\t<\/div>\n\t\t\t\t\t<\/div>\n\t\t<\/div>\n\t\t\t\t\t\t\t\t<\/div>\n\t\t\t\t\t<\/div>\n\t\t<\/section>\n\t\t\t\t\t\t<\/div>\n\t\t\t\t\t\t<\/div>\n\t\t\t\t\t<\/div>\n\t\t","protected":false},"excerpt":{"rendered":"<p>Tervetuloa meille Olemme avoinna Monday &#8211; Saturday | 9AM &#8211; 1PM Saturday &#8211; Sunday | 9AM &#8211; 4AM Yhteystiedot Vanha Otavantie 110, 50670 Otava info@instile.fi +358 50 595 1688 +358 50 595 1688 L\u00f6yd\u00e4t meid\u00e4t my\u00f6s Facebook Tripadvisor Shopping-basket Ota yhteytt\u00e4 Mik\u00e4li haluat ottaa meihin yhteytt\u00e4, laita meille viesti\u00e4 t\u00e4ll\u00e4 lomakkeella, niin palaamme asiaan mahdollisimman &hellip;<\/p>\n<p class=\"read-more\"> <a class=\"\" href=\"https:\/\/www.jiiri.zoner.dev\/instile-demo\/yhteys\/\"> <span class=\"screen-reader-text\">Yhteystiedot<\/span> Lue lis\u00e4\u00e4 &raquo;<\/a><\/p>\n","protected":false},"author":1,"featured_media":0,"parent":0,"menu_order":0,"comment_status":"closed","ping_status":"closed","template":"","meta":[],"_links":{"self":[{"href":"https:\/\/www.jiiri.zoner.dev\/instile-demo\/wp-json\/wp\/v2\/pages\/724"}],"collection":[{"href":"https:\/\/www.jiiri.zoner.dev\/instile-demo\/wp-json\/wp\/v2\/pages"}],"about":[{"href":"https:\/\/www.jiiri.zoner.dev\/instile-demo\/wp-json\/wp\/v2\/types\/page"}],"author":[{"embeddable":true,"href":"https:\/\/www.jiiri.zoner.dev\/instile-demo\/wp-json\/wp\/v2\/users\/1"}],"replies":[{"embeddable":true,"href":"https:\/\/www.jiiri.zoner.dev\/instile-demo\/wp-json\/wp\/v2\/comments?post=724"}],"version-history":[{"count":6,"href":"https:\/\/www.jiiri.zoner.dev\/instile-demo\/wp-json\/wp\/v2\/pages\/724\/revisions"}],"predecessor-version":[{"id":817,"href":"https:\/\/www.jiiri.zoner.dev\/instile-demo\/wp-json\/wp\/v2\/pages\/724\/revisions\/817"}],"wp:attachment":[{"href":"https:\/\/www.jiiri.zoner.dev\/instile-demo\/wp-json\/wp\/v2\/media?parent=724"}],"curies":[{"name":"wp","href":"https:\/\/api.w.org\/{rel}","templated":true}]}}