{"id":722,"date":"2018-09-26T08:48:22","date_gmt":"2018-09-26T08:48:22","guid":{"rendered":"http:\/\/www.jiiri.zoner.dev\/instile-demo\/?page_id=722"},"modified":"2020-11-02T08:17:09","modified_gmt":"2020-11-02T08:17:09","slug":"about-us","status":"publish","type":"page","link":"https:\/\/www.jiiri.zoner.dev\/instile-demo\/about-us\/","title":{"rendered":"Mannilan historia"},"content":{"rendered":"\t\t<div data-elementor-type=\"wp-post\" data-elementor-id=\"722\" class=\"elementor elementor-722\" data-elementor-settings=\"[]\">\n\t\t\t\t\t\t<div class=\"elementor-inner\">\n\t\t\t\t\t\t\t<div class=\"elementor-section-wrap\">\n\t\t\t\t\t\t\t<section class=\"elementor-section elementor-top-section elementor-element elementor-element-5dc3a60 elementor-section-boxed elementor-section-height-default elementor-section-height-default\" data-id=\"5dc3a60\" data-element_type=\"section\" data-settings=\"{&quot;background_background&quot;:&quot;classic&quot;}\">\n\t\t\t\t\t\t\t<div class=\"elementor-background-overlay\"><\/div>\n\t\t\t\t\t\t\t<div class=\"elementor-container elementor-column-gap-default\">\n\t\t\t\t\t\t\t<div class=\"elementor-row\">\n\t\t\t\t\t<div class=\"elementor-column elementor-col-100 elementor-top-column elementor-element elementor-element-5dc1ca0\" data-id=\"5dc1ca0\" data-element_type=\"column\">\n\t\t\t<div class=\"elementor-column-wrap elementor-element-populated\">\n\t\t\t\t\t\t\t<div class=\"elementor-widget-wrap\">\n\t\t\t\t\t\t<div class=\"elementor-element elementor-element-be56547 elementor-widget elementor-widget-heading\" data-id=\"be56547\" data-element_type=\"widget\" data-widget_type=\"heading.default\">\n\t\t\t\t<div class=\"elementor-widget-container\">\n\t\t\t<h1 class=\"elementor-heading-title elementor-size-default\">Mannila<\/h1>\t\t<\/div>\n\t\t\t\t<\/div>\n\t\t\t\t<div class=\"elementor-element elementor-element-b4d4c51 elementor-widget elementor-widget-image\" data-id=\"b4d4c51\" data-element_type=\"widget\" data-widget_type=\"image.default\">\n\t\t\t\t<div class=\"elementor-widget-container\">\n\t\t\t\t\t<div class=\"elementor-image\">\n\t\t\t\t\t\t\t\t\t\t<img width=\"250\" height=\"27\" src=\"https:\/\/www.jiiri.zoner.dev\/instile-demo\/wp-content\/uploads\/2018\/09\/frill-free-img.png\" class=\"attachment-large size-large\" alt=\"\" loading=\"lazy\" \/>\t\t\t\t\t\t\t\t\t\t\t<\/div>\n\t\t\t\t<\/div>\n\t\t\t\t<\/div>\n\t\t\t\t\t\t<\/div>\n\t\t\t\t\t<\/div>\n\t\t<\/div>\n\t\t\t\t\t\t\t\t<\/div>\n\t\t\t\t\t<\/div>\n\t\t<\/section>\n\t\t\t\t<section class=\"elementor-section elementor-top-section elementor-element elementor-element-2cf2d767 elementor-section-content-middle elementor-section-boxed elementor-section-height-default elementor-section-height-default\" data-id=\"2cf2d767\" data-element_type=\"section\" data-settings=\"{&quot;background_background&quot;:&quot;classic&quot;}\">\n\t\t\t\t\t\t<div class=\"elementor-container elementor-column-gap-no\">\n\t\t\t\t\t\t\t<div class=\"elementor-row\">\n\t\t\t\t\t<div class=\"elementor-column elementor-col-50 elementor-top-column elementor-element elementor-element-e091abc\" data-id=\"e091abc\" data-element_type=\"column\">\n\t\t\t<div class=\"elementor-column-wrap elementor-element-populated\">\n\t\t\t\t\t\t\t<div class=\"elementor-widget-wrap\">\n\t\t\t\t\t\t<div class=\"elementor-element elementor-element-bcecbee elementor-position-top elementor-vertical-align-top elementor-widget elementor-widget-image-box\" data-id=\"bcecbee\" data-element_type=\"widget\" data-widget_type=\"image-box.default\">\n\t\t\t\t<div class=\"elementor-widget-container\">\n\t\t\t<div class=\"elementor-image-box-wrapper\"><figure class=\"elementor-image-box-img\"><img width=\"108\" height=\"68\" src=\"https:\/\/www.jiiri.zoner.dev\/instile-demo\/wp-content\/uploads\/2018\/09\/leaf-free-img.png\" class=\"attachment-full size-full\" alt=\"\" loading=\"lazy\" \/><\/figure><div class=\"elementor-image-box-content\"><h3 class=\"elementor-image-box-title\">MANNILA on edelleen toiminnassa oleva vanha etel\u00e4savolainen maa- ja mets\u00e4tila, jota sama suku on hoitanut jo viiden sukupolven ajan.<\/h3><\/div><\/div>\t\t<\/div>\n\t\t\t\t<\/div>\n\t\t\t\t<div class=\"elementor-element elementor-element-a210202 elementor-drop-cap-yes elementor-drop-cap-view-default elementor-widget elementor-widget-text-editor\" data-id=\"a210202\" data-element_type=\"widget\" data-settings=\"{&quot;drop_cap&quot;:&quot;yes&quot;}\" data-widget_type=\"text-editor.default\">\n\t\t\t\t<div class=\"elementor-widget-container\">\n\t\t\t\t\t<div class=\"elementor-text-editor elementor-clearfix\"><p>Nykyisin Mannilan luomupelloilla viljell\u00e4\u00e4n viljaa, nurmia ja pensasmustikkaa, jonka satokausi ajoittuu tavallisesti hein\u00e4kuun loppupuolelta syyskuun alkupuolelle. T\u00e4ll\u00f6in tarjolla on luomupensasmustikan itsepoimintaa.<\/p><p>Mannilan tilan historiasta l\u00f6ytyy tietoja aina 1500-luvulle saakka. Tila oli aikoinaan rustholli. 1720-luvulla tilalle asettuivat viljelij\u00f6iksi Manniset, joista tilan nykyinen nimi on per\u00e4isin. Mannisen suvun is\u00e4nn\u00e4t olivat erityisen taitavia kivisalaojien rakentajia. Nykyisill\u00e4 pelloilla on edelleenkin paikka paikoin havaittu j\u00e4lki\u00e4 vanhoista kivisalaojista. Mannisen suvun aikana Mannilassa harjoitettiin viel\u00e4 kaskirukiin viljely\u00e4. Peltoviljelyyn siirrytt\u00e4ess\u00e4 viljeltiin yh\u00e4 paljon ruista. Perim\u00e4tiedon mukaan Manniset kauppasivat tilalta ruista Ven\u00e4j\u00e4lle saakka.<\/p><\/div>\n\t\t\t\t<\/div>\n\t\t\t\t<\/div>\n\t\t\t\t\t\t<\/div>\n\t\t\t\t\t<\/div>\n\t\t<\/div>\n\t\t\t\t<div class=\"elementor-column elementor-col-25 elementor-top-column elementor-element elementor-element-d855b1e\" data-id=\"d855b1e\" data-element_type=\"column\">\n\t\t\t<div class=\"elementor-column-wrap elementor-element-populated\">\n\t\t\t\t\t\t\t<div class=\"elementor-widget-wrap\">\n\t\t\t\t\t\t<div class=\"elementor-element elementor-element-80f3331 elementor-widget elementor-widget-image\" data-id=\"80f3331\" data-element_type=\"widget\" data-widget_type=\"image.default\">\n\t\t\t\t<div class=\"elementor-widget-container\">\n\t\t\t\t\t<div class=\"elementor-image\">\n\t\t\t\t\t\t\t\t\t\t<img src=\"https:\/\/www.jiiri.zoner.dev\/instile-demo\/wp-content\/uploads\/2020\/10\/menu_2.jpg\" title=\"menu_2\" alt=\"menu_2\" class=\"elementor-animation-sink\" \/>\t\t\t\t\t\t\t\t\t\t\t<\/div>\n\t\t\t\t<\/div>\n\t\t\t\t<\/div>\n\t\t\t\t\t\t<\/div>\n\t\t\t\t\t<\/div>\n\t\t<\/div>\n\t\t\t\t<div class=\"elementor-column elementor-col-25 elementor-top-column elementor-element elementor-element-a4a1a82\" data-id=\"a4a1a82\" data-element_type=\"column\">\n\t\t\t<div class=\"elementor-column-wrap elementor-element-populated\">\n\t\t\t\t\t\t\t<div class=\"elementor-widget-wrap\">\n\t\t\t\t\t\t<div class=\"elementor-element elementor-element-337f04c elementor-hidden-tablet elementor-hidden-phone elementor-widget elementor-widget-image\" data-id=\"337f04c\" data-element_type=\"widget\" data-widget_type=\"image.default\">\n\t\t\t\t<div class=\"elementor-widget-container\">\n\t\t\t\t\t<div class=\"elementor-image\">\n\t\t\t\t\t\t\t\t\t\t<img src=\"https:\/\/www.jiiri.zoner.dev\/instile-demo\/wp-content\/uploads\/2020\/08\/talvikoju_Johanna_2019.png\" title=\"talvikoju_Johanna_2019\" alt=\"talvikoju_Johanna_2019\" class=\"elementor-animation-sink\" \/>\t\t\t\t\t\t\t\t\t\t\t<\/div>\n\t\t\t\t<\/div>\n\t\t\t\t<\/div>\n\t\t\t\t<div class=\"elementor-element elementor-element-c60e50f elementor-hidden-tablet elementor-hidden-phone elementor-widget elementor-widget-image\" data-id=\"c60e50f\" data-element_type=\"widget\" data-widget_type=\"image.default\">\n\t\t\t\t<div class=\"elementor-widget-container\">\n\t\t\t\t\t<div class=\"elementor-image\">\n\t\t\t\t\t\t\t\t\t\t<img src=\"https:\/\/www.jiiri.zoner.dev\/instile-demo\/wp-content\/uploads\/2020\/08\/pizza_pysty_2019.png\" title=\"pizza_pysty_2019\" alt=\"pizza_pysty_2019\" class=\"elementor-animation-sink\" \/>\t\t\t\t\t\t\t\t\t\t\t<\/div>\n\t\t\t\t<\/div>\n\t\t\t\t<\/div>\n\t\t\t\t\t\t<\/div>\n\t\t\t\t\t<\/div>\n\t\t<\/div>\n\t\t\t\t\t\t\t\t<\/div>\n\t\t\t\t\t<\/div>\n\t\t<\/section>\n\t\t\t\t<section class=\"elementor-section elementor-top-section elementor-element elementor-element-7ebc17c elementor-section-boxed elementor-section-height-default elementor-section-height-default\" data-id=\"7ebc17c\" data-element_type=\"section\">\n\t\t\t\t\t\t<div class=\"elementor-container elementor-column-gap-default\">\n\t\t\t\t\t\t\t<div class=\"elementor-row\">\n\t\t\t\t\t<div class=\"elementor-column elementor-col-50 elementor-top-column elementor-element elementor-element-a74ccf1\" data-id=\"a74ccf1\" data-element_type=\"column\">\n\t\t\t<div class=\"elementor-column-wrap elementor-element-populated\">\n\t\t\t\t\t\t\t<div class=\"elementor-widget-wrap\">\n\t\t\t\t\t\t<div class=\"elementor-element elementor-element-7e44524 elementor-hidden-tablet elementor-hidden-phone elementor-widget elementor-widget-image\" data-id=\"7e44524\" data-element_type=\"widget\" data-widget_type=\"image.default\">\n\t\t\t\t<div class=\"elementor-widget-container\">\n\t\t\t\t\t<div class=\"elementor-image\">\n\t\t\t\t\t\t\t\t\t\t<img src=\"https:\/\/www.jiiri.zoner.dev\/instile-demo\/wp-content\/uploads\/2020\/08\/Ulkokuva_instile_2016.jpg\" title=\"Ulkokuva_instile_2016\" alt=\"Ulkokuva_instile_2016\" class=\"elementor-animation-sink\" \/>\t\t\t\t\t\t\t\t\t\t\t<\/div>\n\t\t\t\t<\/div>\n\t\t\t\t<\/div>\n\t\t\t\t\t\t<\/div>\n\t\t\t\t\t<\/div>\n\t\t<\/div>\n\t\t\t\t<div class=\"elementor-column elementor-col-50 elementor-top-column elementor-element elementor-element-52a7a51\" data-id=\"52a7a51\" data-element_type=\"column\">\n\t\t\t<div class=\"elementor-column-wrap elementor-element-populated\">\n\t\t\t\t\t\t\t<div class=\"elementor-widget-wrap\">\n\t\t\t\t\t\t<div class=\"elementor-element elementor-element-a072e3c elementor-drop-cap-yes elementor-drop-cap-view-default elementor-widget elementor-widget-text-editor\" data-id=\"a072e3c\" data-element_type=\"widget\" data-settings=\"{&quot;drop_cap&quot;:&quot;yes&quot;}\" data-widget_type=\"text-editor.default\">\n\t\t\t\t<div class=\"elementor-widget-container\">\n\t\t\t\t\t<div class=\"elementor-text-editor elementor-clearfix\"><p>Vuonna 1897 haukivuorelaisen Lietlahden tilan is\u00e4nt\u00e4 Paavo &#8221;Ruis-Paavo&#8221; Pulkkinen osti Mannilan. Suuri kivinavetta kertoo tilan historiasta lypsykarjatilana. Navettarakennuksen suojassa oli my\u00f6s sikala sek\u00e4 hevostalli. Talvisodan aikana 1939-40 p\u00e4\u00e4rakennuksen salin p\u00e4\u00e4dyss\u00e4 toimi P\u00e4\u00e4majan topografikunnan esikunta. 1970-luvulla Mannilassa luovuttiin lypsykarjasta ja ryhdyttiin viljelem\u00e4\u00e4n siemenviljaa.<\/p><p>Mannilan uusklassista rakennustyyli\u00e4 mukailevan p\u00e4\u00e4rakennuksen vanhin osa on rakennettu 1860-70-lukujen tienoilla. P\u00e4\u00e4rakennuksen lis\u00e4ksi ainutlaatuisen ilmeen maatilan pihapiirille antavat punainen makasiinirakennus, massiivinen kivinavetta sek\u00e4 sireenipensasaidan ymp\u00e4r\u00f6im\u00e4 omenapuutarha. Viimeisin sukupolvenvaihdos tapahtui Mannilassa, kun 2000-luvun vaihteessa tilan vetovastuu siirtyi Johanna ja Riccardo Branchicellalle. Lokakuussa 2010 italialais-suomalainen is\u00e4nt\u00e4pari avasi salin p\u00e4\u00e4tyyn In Stile Mannila -italialaisen puodin. Jo seuraavana kes\u00e4n\u00e4 puodin ohessa puutarhassa asiakkaita palveli pieni espressokahvila. Kes\u00e4ll\u00e4 2013 tarjoiltiin Mannilan ensimm\u00e4iset pizzat. Nykyisin makasiinirakennuksessa toimiva Mannilan kes\u00e4pizzeria on monien suosima kes\u00e4inen vierailukohde. Pizzerian lis\u00e4ksi makasiinirakennus pit\u00e4\u00e4 sis\u00e4ll\u00e4\u00e4n kes\u00e4puodin sek\u00e4 SiiloGallerian. Viimeisin uudistus yrityksen toiminnassa on verkkopuoti, joka avattiin lokakuussa 2020 <strong><a href=\"https:\/\/www.mannilanpuoti.fi\">Verkkopuodissamme<\/a><\/strong>.<\/p><\/div>\n\t\t\t\t<\/div>\n\t\t\t\t<\/div>\n\t\t\t\t\t\t<\/div>\n\t\t\t\t\t<\/div>\n\t\t<\/div>\n\t\t\t\t\t\t\t\t<\/div>\n\t\t\t\t\t<\/div>\n\t\t<\/section>\n\t\t\t\t<section class=\"elementor-section elementor-top-section elementor-element elementor-element-3f875ccf elementor-section-content-middle elementor-section-boxed elementor-section-height-default elementor-section-height-default\" data-id=\"3f875ccf\" data-element_type=\"section\" data-settings=\"{&quot;background_background&quot;:&quot;classic&quot;}\">\n\t\t\t\t\t\t\t<div class=\"elementor-background-overlay\"><\/div>\n\t\t\t\t\t\t\t<div class=\"elementor-container elementor-column-gap-no\">\n\t\t\t\t\t\t\t<div class=\"elementor-row\">\n\t\t\t\t\t<div class=\"elementor-column elementor-col-100 elementor-top-column elementor-element elementor-element-5cd2f042\" data-id=\"5cd2f042\" data-element_type=\"column\">\n\t\t\t<div class=\"elementor-column-wrap elementor-element-populated\">\n\t\t\t\t\t\t\t<div class=\"elementor-widget-wrap\">\n\t\t\t\t\t\t<div class=\"elementor-element elementor-element-56821e6 elementor-widget elementor-widget-heading\" data-id=\"56821e6\" data-element_type=\"widget\" data-widget_type=\"heading.default\">\n\t\t\t\t<div class=\"elementor-widget-container\">\n\t\t\t<h2 class=\"elementor-heading-title elementor-size-default\">Me<\/h2>\t\t<\/div>\n\t\t\t\t<\/div>\n\t\t\t\t<div class=\"elementor-element elementor-element-12ecaa6 elementor-widget elementor-widget-image\" data-id=\"12ecaa6\" data-element_type=\"widget\" data-widget_type=\"image.default\">\n\t\t\t\t<div class=\"elementor-widget-container\">\n\t\t\t\t\t<div class=\"elementor-image\">\n\t\t\t\t\t\t\t\t\t\t<img width=\"250\" height=\"27\" src=\"https:\/\/www.jiiri.zoner.dev\/instile-demo\/wp-content\/uploads\/2018\/09\/frill-free-img.png\" class=\"attachment-large size-large\" alt=\"\" loading=\"lazy\" \/>\t\t\t\t\t\t\t\t\t\t\t<\/div>\n\t\t\t\t<\/div>\n\t\t\t\t<\/div>\n\t\t\t\t<section class=\"elementor-section elementor-inner-section elementor-element elementor-element-6715fa66 elementor-section-boxed elementor-section-height-default elementor-section-height-default\" data-id=\"6715fa66\" data-element_type=\"section\">\n\t\t\t\t\t\t<div class=\"elementor-container elementor-column-gap-default\">\n\t\t\t\t\t\t\t<div class=\"elementor-row\">\n\t\t\t\t\t<div class=\"elementor-column elementor-col-50 elementor-inner-column elementor-element elementor-element-de0a34c\" data-id=\"de0a34c\" data-element_type=\"column\" data-settings=\"{&quot;background_background&quot;:&quot;classic&quot;}\">\n\t\t\t<div class=\"elementor-column-wrap elementor-element-populated\">\n\t\t\t\t\t<div class=\"elementor-background-overlay\"><\/div>\n\t\t\t\t\t\t\t<div class=\"elementor-widget-wrap\">\n\t\t\t\t\t\t<div class=\"elementor-element elementor-element-9c483f4 elementor-widget elementor-widget-heading\" data-id=\"9c483f4\" data-element_type=\"widget\" data-widget_type=\"heading.default\">\n\t\t\t\t<div class=\"elementor-widget-container\">\n\t\t\t<h3 class=\"elementor-heading-title elementor-size-default\">Johanna Branchicella<\/h3>\t\t<\/div>\n\t\t\t\t<\/div>\n\t\t\t\t<div class=\"elementor-element elementor-element-2fb66db elementor-widget elementor-widget-heading\" data-id=\"2fb66db\" data-element_type=\"widget\" data-widget_type=\"heading.default\">\n\t\t\t\t<div class=\"elementor-widget-container\">\n\t\t\t<h6 class=\"elementor-heading-title elementor-size-default\">Yritt\u00e4j\u00e4<\/h6>\t\t<\/div>\n\t\t\t\t<\/div>\n\t\t\t\t\t\t<\/div>\n\t\t\t\t\t<\/div>\n\t\t<\/div>\n\t\t\t\t<div class=\"elementor-column elementor-col-50 elementor-inner-column elementor-element elementor-element-5bbf18c\" data-id=\"5bbf18c\" data-element_type=\"column\" data-settings=\"{&quot;background_background&quot;:&quot;classic&quot;}\">\n\t\t\t<div class=\"elementor-column-wrap elementor-element-populated\">\n\t\t\t\t\t<div class=\"elementor-background-overlay\"><\/div>\n\t\t\t\t\t\t\t<div class=\"elementor-widget-wrap\">\n\t\t\t\t\t\t<div class=\"elementor-element elementor-element-259eba7 elementor-widget elementor-widget-heading\" data-id=\"259eba7\" data-element_type=\"widget\" data-widget_type=\"heading.default\">\n\t\t\t\t<div class=\"elementor-widget-container\">\n\t\t\t<h3 class=\"elementor-heading-title elementor-size-default\">Ricciardo Branchicella<\/h3>\t\t<\/div>\n\t\t\t\t<\/div>\n\t\t\t\t<div class=\"elementor-element elementor-element-5b497d3 elementor-widget elementor-widget-heading\" data-id=\"5b497d3\" data-element_type=\"widget\" data-widget_type=\"heading.default\">\n\t\t\t\t<div class=\"elementor-widget-container\">\n\t\t\t<h6 class=\"elementor-heading-title elementor-size-default\">Yritt\u00e4j\u00e4\/kokki<\/h6>\t\t<\/div>\n\t\t\t\t<\/div>\n\t\t\t\t\t\t<\/div>\n\t\t\t\t\t<\/div>\n\t\t<\/div>\n\t\t\t\t\t\t\t\t<\/div>\n\t\t\t\t\t<\/div>\n\t\t<\/section>\n\t\t\t\t\t\t<\/div>\n\t\t\t\t\t<\/div>\n\t\t<\/div>\n\t\t\t\t\t\t\t\t<\/div>\n\t\t\t\t\t<\/div>\n\t\t<\/section>\n\t\t\t\t<section class=\"elementor-section elementor-top-section elementor-element elementor-element-e8ea600 elementor-section-boxed elementor-section-height-default elementor-section-height-default\" data-id=\"e8ea600\" data-element_type=\"section\" data-settings=\"{&quot;background_background&quot;:&quot;gradient&quot;}\">\n\t\t\t\t\t\t<div class=\"elementor-container elementor-column-gap-default\">\n\t\t\t\t\t\t\t<div class=\"elementor-row\">\n\t\t\t\t\t<div class=\"elementor-column elementor-col-100 elementor-top-column elementor-element elementor-element-1a865f2\" data-id=\"1a865f2\" data-element_type=\"column\">\n\t\t\t<div class=\"elementor-column-wrap elementor-element-populated\">\n\t\t\t\t\t\t\t<div class=\"elementor-widget-wrap\">\n\t\t\t\t\t\t<div class=\"elementor-element elementor-element-86b0f6a elementor-widget elementor-widget-heading\" data-id=\"86b0f6a\" data-element_type=\"widget\" data-widget_type=\"heading.default\">\n\t\t\t\t<div class=\"elementor-widget-container\">\n\t\t\t<h2 class=\"elementor-heading-title elementor-size-default\">Lue arvostelujamme<\/h2>\t\t<\/div>\n\t\t\t\t<\/div>\n\t\t\t\t<section class=\"elementor-section elementor-inner-section elementor-element elementor-element-f330448 elementor-section-boxed elementor-section-height-default elementor-section-height-default\" data-id=\"f330448\" data-element_type=\"section\">\n\t\t\t\t\t\t<div class=\"elementor-container elementor-column-gap-default\">\n\t\t\t\t\t\t\t<div class=\"elementor-row\">\n\t\t\t\t\t<div class=\"elementor-column elementor-col-33 elementor-inner-column elementor-element elementor-element-13492e8\" data-id=\"13492e8\" data-element_type=\"column\">\n\t\t\t<div class=\"elementor-column-wrap elementor-element-populated\">\n\t\t\t\t\t\t\t<div class=\"elementor-widget-wrap\">\n\t\t\t\t\t\t<div class=\"elementor-element elementor-element-37e43a3 elementor-widget elementor-widget-image\" data-id=\"37e43a3\" data-element_type=\"widget\" data-widget_type=\"image.default\">\n\t\t\t\t<div class=\"elementor-widget-container\">\n\t\t\t\t\t<div class=\"elementor-image\">\n\t\t\t\t\t\t\t\t\t\t\t<a href=\"https:\/\/www.tripadvisor.fi\/Restaurant_Review-g189909-d6856717-Reviews-Instile_Mannila-Mikkeli_Southern_Savonia.html\" target=\"_blank\">\n\t\t\t\t\t\t\t<img width=\"140\" height=\"57\" src=\"https:\/\/www.jiiri.zoner.dev\/instile-demo\/wp-content\/uploads\/2018\/10\/tripadvisorlogo1-free-img.png\" class=\"attachment-full size-full\" alt=\"\" loading=\"lazy\" \/>\t\t\t\t\t\t\t\t<\/a>\n\t\t\t\t\t\t\t\t\t\t\t<\/div>\n\t\t\t\t<\/div>\n\t\t\t\t<\/div>\n\t\t\t\t\t\t<\/div>\n\t\t\t\t\t<\/div>\n\t\t<\/div>\n\t\t\t\t<div class=\"elementor-column elementor-col-33 elementor-inner-column elementor-element elementor-element-efc310a\" data-id=\"efc310a\" data-element_type=\"column\">\n\t\t\t<div class=\"elementor-column-wrap elementor-element-populated\">\n\t\t\t\t\t\t\t<div class=\"elementor-widget-wrap\">\n\t\t\t\t\t\t<div class=\"elementor-element elementor-element-2fc264d elementor-widget elementor-widget-image\" data-id=\"2fc264d\" data-element_type=\"widget\" data-widget_type=\"image.default\">\n\t\t\t\t<div class=\"elementor-widget-container\">\n\t\t\t\t\t<div class=\"elementor-image\">\n\t\t\t\t\t\t\t\t\t\t\t<a href=\"https:\/\/www.google.com\/search?q=instile+mannila+google+arvostelut&#038;oq=instile+mannila+google+arvostelut&#038;aqs=chrome..69i57.6165j0j7&#038;sourceid=chrome&#038;ie=UTF-8#\" target=\"_blank\">\n\t\t\t\t\t\t\t<img width=\"140\" height=\"57\" src=\"https:\/\/www.jiiri.zoner.dev\/instile-demo\/wp-content\/uploads\/2018\/10\/google-reviews-free-img.png\" class=\"attachment-full size-full\" alt=\"\" loading=\"lazy\" \/>\t\t\t\t\t\t\t\t<\/a>\n\t\t\t\t\t\t\t\t\t\t\t<\/div>\n\t\t\t\t<\/div>\n\t\t\t\t<\/div>\n\t\t\t\t\t\t<\/div>\n\t\t\t\t\t<\/div>\n\t\t<\/div>\n\t\t\t\t<div class=\"elementor-column elementor-col-33 elementor-inner-column elementor-element elementor-element-63130fd\" data-id=\"63130fd\" data-element_type=\"column\">\n\t\t\t<div class=\"elementor-column-wrap elementor-element-populated\">\n\t\t\t\t\t\t\t<div class=\"elementor-widget-wrap\">\n\t\t\t\t\t\t<div class=\"elementor-element elementor-element-abfe549 elementor-widget elementor-widget-image\" data-id=\"abfe549\" data-element_type=\"widget\" data-widget_type=\"image.default\">\n\t\t\t\t<div class=\"elementor-widget-container\">\n\t\t\t\t\t<div class=\"elementor-image\">\n\t\t\t\t\t\t\t\t\t\t\t<a href=\"https:\/\/www.facebook.com\/InStile-Mannila-italialainen-puoti-275146872552214\/reviews\" target=\"_blank\">\n\t\t\t\t\t\t\t<img width=\"140\" height=\"57\" src=\"https:\/\/www.jiiri.zoner.dev\/instile-demo\/wp-content\/uploads\/2018\/10\/fb-free-imng.png\" class=\"attachment-full size-full\" alt=\"\" loading=\"lazy\" \/>\t\t\t\t\t\t\t\t<\/a>\n\t\t\t\t\t\t\t\t\t\t\t<\/div>\n\t\t\t\t<\/div>\n\t\t\t\t<\/div>\n\t\t\t\t\t\t<\/div>\n\t\t\t\t\t<\/div>\n\t\t<\/div>\n\t\t\t\t\t\t\t\t<\/div>\n\t\t\t\t\t<\/div>\n\t\t<\/section>\n\t\t\t\t\t\t<\/div>\n\t\t\t\t\t<\/div>\n\t\t<\/div>\n\t\t\t\t\t\t\t\t<\/div>\n\t\t\t\t\t<\/div>\n\t\t<\/section>\n\t\t\t\t\t\t<\/div>\n\t\t\t\t\t\t<\/div>\n\t\t\t\t\t<\/div>\n\t\t","protected":false},"excerpt":{"rendered":"<p>Mannila MANNILA on edelleen toiminnassa oleva vanha etel\u00e4savolainen maa- ja mets\u00e4tila, jota sama suku on hoitanut jo viiden sukupolven ajan. Nykyisin Mannilan luomupelloilla viljell\u00e4\u00e4n viljaa, nurmia ja pensasmustikkaa, jonka satokausi ajoittuu tavallisesti hein\u00e4kuun loppupuolelta syyskuun alkupuolelle. T\u00e4ll\u00f6in tarjolla on luomupensasmustikan itsepoimintaa. Mannilan tilan historiasta l\u00f6ytyy tietoja aina 1500-luvulle saakka. Tila oli aikoinaan rustholli. 1720-luvulla tilalle &hellip;<\/p>\n<p class=\"read-more\"> <a class=\"\" href=\"https:\/\/www.jiiri.zoner.dev\/instile-demo\/about-us\/\"> <span class=\"screen-reader-text\">Mannilan historia<\/span> Lue lis\u00e4\u00e4 &raquo;<\/a><\/p>\n","protected":false},"author":1,"featured_media":0,"parent":0,"menu_order":0,"comment_status":"closed","ping_status":"closed","template":"","meta":[],"_links":{"self":[{"href":"https:\/\/www.jiiri.zoner.dev\/instile-demo\/wp-json\/wp\/v2\/pages\/722"}],"collection":[{"href":"https:\/\/www.jiiri.zoner.dev\/instile-demo\/wp-json\/wp\/v2\/pages"}],"about":[{"href":"https:\/\/www.jiiri.zoner.dev\/instile-demo\/wp-json\/wp\/v2\/types\/page"}],"author":[{"embeddable":true,"href":"https:\/\/www.jiiri.zoner.dev\/instile-demo\/wp-json\/wp\/v2\/users\/1"}],"replies":[{"embeddable":true,"href":"https:\/\/www.jiiri.zoner.dev\/instile-demo\/wp-json\/wp\/v2\/comments?post=722"}],"version-history":[{"count":9,"href":"https:\/\/www.jiiri.zoner.dev\/instile-demo\/wp-json\/wp\/v2\/pages\/722\/revisions"}],"predecessor-version":[{"id":869,"href":"https:\/\/www.jiiri.zoner.dev\/instile-demo\/wp-json\/wp\/v2\/pages\/722\/revisions\/869"}],"wp:attachment":[{"href":"https:\/\/www.jiiri.zoner.dev\/instile-demo\/wp-json\/wp\/v2\/media?parent=722"}],"curies":[{"name":"wp","href":"https:\/\/api.w.org\/{rel}","templated":true}]}}